{"id":96,"date":"2019-04-26T15:48:46","date_gmt":"2019-04-26T13:48:46","guid":{"rendered":"http:\/\/infomania-services-fr.mon.world?page_id=96"},"modified":"2019-04-29T00:54:29","modified_gmt":"2019-04-28T22:54:29","slug":"services","status":"publish","type":"page","link":"https:\/\/infomania-services-fr.mon.world\/?page_id=96","title":{"rendered":"SERVICES"},"content":{"rendered":"<p>[vc_row css_animation=\u00a0\u00bbnone\u00a0\u00bb][vc_column][vc_separator border_width=\u00a0\u00bb3&Prime; css_animation=\u00a0\u00bbtop-to-bottom\u00a0\u00bb][vc_column_text css_animation=\u00a0\u00bbtop-to-bottom\u00a0\u00bb]<\/p>\n<h2 style=\"text-align: center;\"><strong>Des experts \u00e0 votre \u00e9coute tout le long de votre projet.<\/strong><\/h2>\n<p>[\/vc_column_text][vc_separator border_width=\u00a0\u00bb3&Prime; css_animation=\u00a0\u00bbtop-to-bottom\u00a0\u00bb][vc_row_inner][vc_column_inner width=\u00a0\u00bb1\/2&Prime;][vc_single_image image=\u00a0\u00bb180&Prime; img_size=\u00a0\u00bblarge\u00a0\u00bb alignment=\u00a0\u00bbcenter\u00a0\u00bb css_animation=\u00a0\u00bbtop-to-bottom\u00a0\u00bb][vc_text_separator title=\u00a0\u00bb<\/p>\n<h1>Applications Services &nbsp;<\/h1>\n<h1>\u00a0\u00bb color=\u00a0\u00bbblue\u00a0\u00bb border_width=\u00a0\u00bb2&Prime; css_animation=\u00a0\u00bbtop-to-bottom\u00a0\u00bb el_class=\u00a0\u00bbh1&Prime;][\/vc_column_inner][vc_column_inner width=\u00a0\u00bb1\/2&Prime;][vc_single_image image=\u00a0\u00bb179&Prime; img_size=\u00a0\u00bblarge\u00a0\u00bb css_animation=\u00a0\u00bbtop-to-bottom\u00a0\u00bb][vc_text_separator title=\u00a0\u00bb<\/h1>\n<h1>Assistance Technique &nbsp;<\/h1>\n<h1>\u00a0\u00bb color=\u00a0\u00bbblue\u00a0\u00bb border_width=\u00a0\u00bb2&Prime; css_animation=\u00a0\u00bbtop-to-bottom\u00a0\u00bb el_class=\u00a0\u00bbh1&Prime;][\/vc_column_inner][\/vc_row_inner][vc_column_text css_animation=\u00a0\u00bbtop-to-bottom\u00a0\u00bb]<\/p>\n<blockquote><p><span style=\"font-size: x-large;\">&nbsp;<strong>Infomania propose des prestations de qualit\u00e9 dans tous les domaines applicatifs des diff\u00e9rents secteurs et m\u00e9tiers de ses clients.<\/strong><\/span><\/p><\/blockquote>\n<p>[\/vc_column_text][vc_column_text css_animation=\u00a0\u00bbtop-to-bottom\u00a0\u00bb]<\/h1>\n<h4>Infomania apporte \u00e0 ses clients une expertise reconnue dans les m\u00e9tiers de l\u2019ing\u00e9nierie informatique et intervient tout au long de votre projet. Depuis la phase de conception initiale jusqu\u2019\u00e0 la mise en production de la solution. S\u2019appuyant \u00e0 la fois sur la ma\u00eetrise des nouvelles technologies et les connaissances m\u00e9tiers de ses consultants, Infomania prend en charge des projets d\u2019\u00e9tude, de d\u00e9veloppement ou d\u2019expertise.<\/h4>\n<p>[\/vc_column_text][\/vc_column][\/vc_row]<\/p>\n","protected":false},"excerpt":{"rendered":"<p>[vc_row css_animation=\u00a0\u00bbnone\u00a0\u00bb][vc_column][vc_separator border_width=\u00a0\u00bb3&Prime; css_animation=\u00a0\u00bbtop-to-bottom\u00a0\u00bb][vc_column_text css_animation=\u00a0\u00bbtop-to-bottom\u00a0\u00bb] Des experts \u00e0 votre \u00e9coute tout le long de votre projet. [\/vc_column_text][vc_separator border_width=\u00a0\u00bb3&Prime; css_animation=\u00a0\u00bbtop-to-bottom\u00a0\u00bb][vc_row_inner][vc_column_inner width=\u00a0\u00bb1\/2&Prime;][vc_single_image image=\u00a0\u00bb180&Prime; img_size=\u00a0\u00bblarge\u00a0\u00bb alignment=\u00a0\u00bbcenter\u00a0\u00bb css_animation=\u00a0\u00bbtop-to-bottom\u00a0\u00bb][vc_text_separator title=\u00a0\u00bb Applications<span class=\"excerpt-hellip\"> [\u2026]<\/span><\/p>\n","protected":false},"author":1,"featured_media":0,"parent":0,"menu_order":0,"comment_status":"open","ping_status":"open","template":"","meta":{"footnotes":""},"class_list":["post-96","page","type-page","status-publish","hentry"],"_links":{"self":[{"href":"https:\/\/infomania-services-fr.mon.world\/index.php?rest_route=\/wp\/v2\/pages\/96","targetHints":{"allow":["GET"]}}],"collection":[{"href":"https:\/\/infomania-services-fr.mon.world\/index.php?rest_route=\/wp\/v2\/pages"}],"about":[{"href":"https:\/\/infomania-services-fr.mon.world\/index.php?rest_route=\/wp\/v2\/types\/page"}],"author":[{"embeddable":true,"href":"https:\/\/infomania-services-fr.mon.world\/index.php?rest_route=\/wp\/v2\/users\/1"}],"replies":[{"embeddable":true,"href":"https:\/\/infomania-services-fr.mon.world\/index.php?rest_route=%2Fwp%2Fv2%2Fcomments&post=96"}],"version-history":[{"count":9,"href":"https:\/\/infomania-services-fr.mon.world\/index.php?rest_route=\/wp\/v2\/pages\/96\/revisions"}],"predecessor-version":[{"id":223,"href":"https:\/\/infomania-services-fr.mon.world\/index.php?rest_route=\/wp\/v2\/pages\/96\/revisions\/223"}],"wp:attachment":[{"href":"https:\/\/infomania-services-fr.mon.world\/index.php?rest_route=%2Fwp%2Fv2%2Fmedia&parent=96"}],"curies":[{"name":"wp","href":"https:\/\/api.w.org\/{rel}","templated":true}]}}