{"id":145,"date":"2019-04-26T18:39:22","date_gmt":"2019-04-26T16:39:22","guid":{"rendered":"http:\/\/infomania-services-fr.mon.world?page_id=145"},"modified":"2019-04-29T00:56:07","modified_gmt":"2019-04-28T22:56:07","slug":"nos-domaines","status":"publish","type":"page","link":"https:\/\/infomania-services-fr.mon.world\/?page_id=145","title":{"rendered":"NOS DOMAINES"},"content":{"rendered":"<p>[vc_row][vc_column][vc_separator border_width=\u00a0\u00bb3&Prime; css_animation=\u00a0\u00bbtop-to-bottom\u00a0\u00bb][vc_column_text css_animation=\u00a0\u00bbtop-to-bottom\u00a0\u00bb]<\/p>\n<blockquote>\n<h4>Innover, Anticiper, D\u00e9tecter et Exp\u00e9rimenter !<\/h4>\n<\/blockquote>\n<p>[\/vc_column_text][vc_separator border_width=\u00a0\u00bb3&Prime; css_animation=\u00a0\u00bbtop-to-bottom\u00a0\u00bb][vc_column_text css_animation=\u00a0\u00bbtop-to-bottom\u00a0\u00bb]<\/p>\n<h4>Partenaire privil\u00e9gi\u00e9 pour vos diff\u00e9rents projets informatiques. Infomania met \u00e0 votre disposition une \u00e9quipe d\u2019experts capable de vous accompagner quelques soit vos besoins.<\/h4>\n<p>[\/vc_column_text][\/vc_column][\/vc_row][vc_row][vc_column][vc_single_image image=\u00a0\u00bb181&Prime; img_size=\u00a0\u00bb600&#215;400&Prime; alignment=\u00a0\u00bbcenter\u00a0\u00bb style=\u00a0\u00bbvc_box_shadow\u00a0\u00bb css_animation=\u00a0\u00bbtop-to-bottom\u00a0\u00bb][vc_separator border_width=\u00a0\u00bb3&Prime; css_animation=\u00a0\u00bbtop-to-bottom\u00a0\u00bb][\/vc_column][\/vc_row][vc_row][vc_column][vc_column_text css_animation=\u00a0\u00bbtop-to-bottom\u00a0\u00bb]<\/p>\n<p class=\"has-text-color has-medium-font-size has-very-dark-gray-color\">Nos experts interviennent dans les domaines d\u2019activit\u00e9s suivants :<\/p>\n<p>[\/vc_column_text][\/vc_column][\/vc_row][vc_row][vc_column][vc_text_separator title=\u00a0\u00bb<font size=\"``5px``\">Informatique Industrielle<\/font>\u00a0\u00bb color=\u00a0\u00bbsky\u00a0\u00bb style=\u00a0\u00bbdouble\u00a0\u00bb el_width=\u00a0\u00bb60&Prime; css_animation=\u00a0\u00bbtop-to-bottom\u00a0\u00bb css=\u00a0\u00bb.vc_custom_1556297094756{margin-top: 20px !important;}\u00a0\u00bb][\/vc_column][\/vc_row][vc_row][vc_column][vc_column_text css_animation=\u00a0\u00bbtop-to-bottom\u00a0\u00bb css=\u00a0\u00bb.vc_custom_1556297071383{margin-right: -25% !important;margin-left: 30% !important;}\u00a0\u00bb]<\/p>\n<ul>\n<li style=\"text-align: left;\">T\u00e9l\u00e9communications<\/li>\n<li style=\"text-align: left;\">Automobile<\/li>\n<li style=\"text-align: left;\">Ferroviaire<\/li>\n<li style=\"text-align: left;\">A\u00e9ronautique<\/li>\n<li style=\"text-align: left;\">\u00c9lectronique<\/li>\n<li style=\"text-align: left;\">\u00c9nergie<\/li>\n<li style=\"text-align: left;\">Agro-Alimentaire<\/li>\n<li style=\"text-align: left;\">Industrie lourde<\/li>\n<li style=\"text-align: left;\">Industrie Pharmaceutique<\/li>\n<\/ul>\n<p>[\/vc_column_text][vc_text_separator title=\u00a0\u00bb<font size=\"``5px``\">Ing\u00e9nierie des Syst\u00e8mes d\u2019Informations<\/font>\u00a0\u00bb color=\u00a0\u00bbsky\u00a0\u00bb style=\u00a0\u00bbdouble\u00a0\u00bb el_width=\u00a0\u00bb60&Prime; css_animation=\u00a0\u00bbtop-to-bottom\u00a0\u00bb css=\u00a0\u00bb.vc_custom_1556482197099{margin-top: 20px !important;}\u00a0\u00bb][vc_column_text css=\u00a0\u00bb.vc_custom_1556297153240{margin-left: 30% !important;}\u00a0\u00bb]<\/p>\n<ul>\n<li>Banques<\/li>\n<li>Transport<\/li>\n<li>Assurances<\/li>\n<li>Mutuelles<\/li>\n<li>Logistique<\/li>\n<li>Laboratoires<\/li>\n<li>Administration<\/li>\n<li>Sant\u00e9<\/li>\n<\/ul>\n<p>[\/vc_column_text][\/vc_column][\/vc_row]<\/p>\n","protected":false},"excerpt":{"rendered":"<p>[vc_row][vc_column][vc_separator border_width=\u00a0\u00bb3&Prime; css_animation=\u00a0\u00bbtop-to-bottom\u00a0\u00bb][vc_column_text css_animation=\u00a0\u00bbtop-to-bottom\u00a0\u00bb] Innover, Anticiper, D\u00e9tecter et Exp\u00e9rimenter ! [\/vc_column_text][vc_separator border_width=\u00a0\u00bb3&Prime; css_animation=\u00a0\u00bbtop-to-bottom\u00a0\u00bb][vc_column_text css_animation=\u00a0\u00bbtop-to-bottom\u00a0\u00bb] Partenaire privil\u00e9gi\u00e9 pour vos diff\u00e9rents projets informatiques. Infomania met \u00e0 votre disposition<span class=\"excerpt-hellip\"> [\u2026]<\/span><\/p>\n","protected":false},"author":1,"featured_media":0,"parent":0,"menu_order":0,"comment_status":"open","ping_status":"open","template":"","meta":{"footnotes":""},"class_list":["post-145","page","type-page","status-publish","hentry"],"_links":{"self":[{"href":"https:\/\/infomania-services-fr.mon.world\/index.php?rest_route=\/wp\/v2\/pages\/145","targetHints":{"allow":["GET"]}}],"collection":[{"href":"https:\/\/infomania-services-fr.mon.world\/index.php?rest_route=\/wp\/v2\/pages"}],"about":[{"href":"https:\/\/infomania-services-fr.mon.world\/index.php?rest_route=\/wp\/v2\/types\/page"}],"author":[{"embeddable":true,"href":"https:\/\/infomania-services-fr.mon.world\/index.php?rest_route=\/wp\/v2\/users\/1"}],"replies":[{"embeddable":true,"href":"https:\/\/infomania-services-fr.mon.world\/index.php?rest_route=%2Fwp%2Fv2%2Fcomments&post=145"}],"version-history":[{"count":4,"href":"https:\/\/infomania-services-fr.mon.world\/index.php?rest_route=\/wp\/v2\/pages\/145\/revisions"}],"predecessor-version":[{"id":226,"href":"https:\/\/infomania-services-fr.mon.world\/index.php?rest_route=\/wp\/v2\/pages\/145\/revisions\/226"}],"wp:attachment":[{"href":"https:\/\/infomania-services-fr.mon.world\/index.php?rest_route=%2Fwp%2Fv2%2Fmedia&parent=145"}],"curies":[{"name":"wp","href":"https:\/\/api.w.org\/{rel}","templated":true}]}}