{"id":128,"date":"2019-04-26T17:06:44","date_gmt":"2019-04-26T15:06:44","guid":{"rendered":"http:\/\/infomania-services-fr.mon.world?page_id=128"},"modified":"2019-04-29T00:24:29","modified_gmt":"2019-04-28T22:24:29","slug":"applications-technique","status":"publish","type":"page","link":"https:\/\/infomania-services-fr.mon.world\/?page_id=128","title":{"rendered":"ASSISTANCE TECHNIQUE"},"content":{"rendered":"<p>[vc_row][vc_column][vc_separator border_width=\u00a0\u00bb3&Prime; css_animation=\u00a0\u00bbtop-to-bottom\u00a0\u00bb][vc_column_text css_animation=\u00a0\u00bbtop-to-bottom\u00a0\u00bb]<\/p>\n<h2 style=\"text-align: center;\">Des profils exp\u00e9riment\u00e9s et adapt\u00e9s pour vos besoins et votre budget.<\/h2>\n<p>[\/vc_column_text][vc_separator border_width=\u00a0\u00bb3&Prime; css_animation=\u00a0\u00bbtop-to-bottom\u00a0\u00bb][\/vc_column][\/vc_row][vc_row][vc_column][vc_single_image image=\u00a0\u00bb179&Prime; img_size=\u00a0\u00bb600&#215;400&Prime; alignment=\u00a0\u00bbcenter\u00a0\u00bb style=\u00a0\u00bbvc_box_shadow\u00a0\u00bb css_animation=\u00a0\u00bbtop-to-bottom\u00a0\u00bb][vc_separator border_width=\u00a0\u00bb3&Prime; css_animation=\u00a0\u00bbtop-to-bottom\u00a0\u00bb][\/vc_column][\/vc_row][vc_row][vc_column][vc_column_text css_animation=\u00a0\u00bbtop-to-bottom\u00a0\u00bb]<\/p>\n<h4>Infomania vous accompagne en vous proposant des profils adapt\u00e9s \u00e0 votre besoin et votre budget. Nous proposons un accompagnement sur mesure quelque soit la nature ou la taille du projet.<\/h4>\n<p>[\/vc_column_text][vc_separator border_width=\u00a0\u00bb3&Prime; css_animation=\u00a0\u00bbtop-to-bottom\u00a0\u00bb][vc_tta_tabs style=\u00a0\u00bbmodern\u00a0\u00bb shape=\u00a0\u00bbsquare\u00a0\u00bb spacing=\u00a0\u00bb\u00a0\u00bb alignment=\u00a0\u00bbcenter\u00a0\u00bb active_section=\u00a0\u00bb1&Prime; css_animation=\u00a0\u00bbtop-to-bottom\u00a0\u00bb][vc_tta_section title=\u00a0\u00bb<\/p>\n<h2>Informatique de gestion<\/h2>\n<p>\u00a0\u00bb tab_id=\u00a0\u00bb1556288830848-1198c3dd-9ec7&Prime;][vc_text_separator title=\u00a0\u00bb<font size=\"``4px;``\">Java j2EE<\/font>\u00a0\u00bb color=\u00a0\u00bbsky\u00a0\u00bb style=\u00a0\u00bbdashed\u00a0\u00bb el_width=\u00a0\u00bb30&Prime; css_animation=\u00a0\u00bbtop-to-bottom\u00a0\u00bb][vc_text_separator title=\u00a0\u00bb<font size=\"``4px;``\">GWT<\/font>\u00a0\u00bb color=\u00a0\u00bbsky\u00a0\u00bb style=\u00a0\u00bbdashed\u00a0\u00bb el_width=\u00a0\u00bb30&Prime; css_animation=\u00a0\u00bbtop-to-bottom\u00a0\u00bb][vc_text_separator title=\u00a0\u00bb<font size=\"``4px;``\">JFSl<\/font>\u00a0\u00bb color=\u00a0\u00bbsky\u00a0\u00bb style=\u00a0\u00bbdashed\u00a0\u00bb el_width=\u00a0\u00bb30&Prime; css_animation=\u00a0\u00bbtop-to-bottom\u00a0\u00bb][vc_text_separator title=\u00a0\u00bb<font size=\"``4px;``\">hibernate<\/font>\u00a0\u00bb color=\u00a0\u00bbsky\u00a0\u00bb style=\u00a0\u00bbdashed\u00a0\u00bb el_width=\u00a0\u00bb30&Prime; css_animation=\u00a0\u00bbtop-to-bottom\u00a0\u00bb][vc_text_separator title=\u00a0\u00bb<font size=\"``4px;``\">dot.net<\/font>\u00a0\u00bb color=\u00a0\u00bbsky\u00a0\u00bb style=\u00a0\u00bbdashed\u00a0\u00bb el_width=\u00a0\u00bb30&Prime; css_animation=\u00a0\u00bbtop-to-bottom\u00a0\u00bb][vc_text_separator title=\u00a0\u00bb<font size=\"``4px;``\">asp.net<\/font>\u00a0\u00bb color=\u00a0\u00bbsky\u00a0\u00bb style=\u00a0\u00bbdashed\u00a0\u00bb el_width=\u00a0\u00bb30&Prime; css_animation=\u00a0\u00bbtop-to-bottom\u00a0\u00bb][vc_text_separator title=\u00a0\u00bb<font size=\"``4px;``\">VB.net<\/font>\u00a0\u00bb color=\u00a0\u00bbsky\u00a0\u00bb style=\u00a0\u00bbdashed\u00a0\u00bb el_width=\u00a0\u00bb30&Prime; css_animation=\u00a0\u00bbtop-to-bottom\u00a0\u00bb][vc_text_separator title=\u00a0\u00bb<font size=\"``4px;``\">C#<\/font>\u00a0\u00bb color=\u00a0\u00bbsky\u00a0\u00bb style=\u00a0\u00bbdashed\u00a0\u00bb el_width=\u00a0\u00bb30&Prime; css_animation=\u00a0\u00bbtop-to-bottom\u00a0\u00bb][vc_text_separator title=\u00a0\u00bb<font size=\"``4px;``\">WPF<\/font>\u00a0\u00bb color=\u00a0\u00bbsky\u00a0\u00bb style=\u00a0\u00bbdashed\u00a0\u00bb el_width=\u00a0\u00bb30&Prime; css_animation=\u00a0\u00bbtop-to-bottom\u00a0\u00bb][vc_text_separator title=\u00a0\u00bb<font size=\"``4px;``\">WCF<\/font>\u00a0\u00bb color=\u00a0\u00bbsky\u00a0\u00bb style=\u00a0\u00bbdashed\u00a0\u00bb el_width=\u00a0\u00bb30&Prime; css_animation=\u00a0\u00bbtop-to-bottom\u00a0\u00bb][vc_text_separator title=\u00a0\u00bb<font size=\"``4px;``\">PHP joomla<\/font>\u00a0\u00bb color=\u00a0\u00bbsky\u00a0\u00bb style=\u00a0\u00bbdashed\u00a0\u00bb el_width=\u00a0\u00bb30&Prime; css_animation=\u00a0\u00bbtop-to-bottom\u00a0\u00bb][vc_text_separator title=\u00a0\u00bb<font size=\"``4px;``\">zend<\/font>\u00a0\u00bb color=\u00a0\u00bbsky\u00a0\u00bb style=\u00a0\u00bbdashed\u00a0\u00bb el_width=\u00a0\u00bb30&Prime; css_animation=\u00a0\u00bbtop-to-bottom\u00a0\u00bb][vc_text_separator title=\u00a0\u00bb<font size=\"``4px;``\">Client server : Oracle Forms<\/font>\u00a0\u00bb color=\u00a0\u00bbsky\u00a0\u00bb style=\u00a0\u00bbdashed\u00a0\u00bb el_width=\u00a0\u00bb30&Prime; css_animation=\u00a0\u00bbtop-to-bottom\u00a0\u00bb][vc_text_separator title=\u00a0\u00bb<font size=\"``4px;``\">synphonie<\/font>\u00a0\u00bb color=\u00a0\u00bbsky\u00a0\u00bb style=\u00a0\u00bbdashed\u00a0\u00bb el_width=\u00a0\u00bb30&Prime; css_animation=\u00a0\u00bbtop-to-bottom\u00a0\u00bb][vc_text_separator title=\u00a0\u00bb<font size=\"``4px;``\">Designer<\/font>\u00a0\u00bb color=\u00a0\u00bbsky\u00a0\u00bb style=\u00a0\u00bbdashed\u00a0\u00bb el_width=\u00a0\u00bb30&Prime; css_animation=\u00a0\u00bbtop-to-bottom\u00a0\u00bb][vc_text_separator title=\u00a0\u00bb<font size=\"``4px;``\">Power builder<\/font>\u00a0\u00bb color=\u00a0\u00bbsky\u00a0\u00bb style=\u00a0\u00bbdashed\u00a0\u00bb el_width=\u00a0\u00bb30&Prime; css_animation=\u00a0\u00bbtop-to-bottom\u00a0\u00bb][\/vc_tta_section][vc_tta_section title=\u00a0\u00bb<\/p>\n<h2>Business Intelligence<\/h2>\n<p>\u00a0\u00bb tab_id=\u00a0\u00bb1556288830853-6a4bbfdc-33db\u00a0\u00bb][vc_text_separator title=\u00a0\u00bb<font size=\"``4px;``\">Busines Object<\/font>\u00a0\u00bb color=\u00a0\u00bbsky\u00a0\u00bb style=\u00a0\u00bbdashed\u00a0\u00bb el_width=\u00a0\u00bb30&Prime; css_animation=\u00a0\u00bbtop-to-bottom\u00a0\u00bb][vc_text_separator title=\u00a0\u00bb<font size=\"``4px;``\">Talend<\/font>\u00a0\u00bb color=\u00a0\u00bbsky\u00a0\u00bb style=\u00a0\u00bbdashed\u00a0\u00bb el_width=\u00a0\u00bb30&Prime; css_animation=\u00a0\u00bbtop-to-bottom\u00a0\u00bb][vc_text_separator title=\u00a0\u00bb<font size=\"``4px;``\">Informatica<\/font>\u00a0\u00bb color=\u00a0\u00bbsky\u00a0\u00bb style=\u00a0\u00bbdashed\u00a0\u00bb el_width=\u00a0\u00bb30&Prime; css_animation=\u00a0\u00bbtop-to-bottom\u00a0\u00bb][vc_text_separator title=\u00a0\u00bb<font size=\"``4px;``\">Genio<\/font>\u00a0\u00bb color=\u00a0\u00bbsky\u00a0\u00bb style=\u00a0\u00bbdashed\u00a0\u00bb el_width=\u00a0\u00bb30&Prime; css_animation=\u00a0\u00bbtop-to-bottom\u00a0\u00bb][vc_text_separator title=\u00a0\u00bb<font size=\"``4px;``\">Cognos<\/font>\u00a0\u00bb color=\u00a0\u00bbsky\u00a0\u00bb style=\u00a0\u00bbdashed\u00a0\u00bb el_width=\u00a0\u00bb30&Prime; css_animation=\u00a0\u00bbtop-to-bottom\u00a0\u00bb][vc_text_separator title=\u00a0\u00bb<font size=\"``4px;``\">SAS<\/font>\u00a0\u00bb color=\u00a0\u00bbsky\u00a0\u00bb style=\u00a0\u00bbdashed\u00a0\u00bb el_width=\u00a0\u00bb30&Prime; css_animation=\u00a0\u00bbtop-to-bottom\u00a0\u00bb][vc_text_separator title=\u00a0\u00bb<font size=\"``4px;``\">datastage<\/font>\u00a0\u00bb color=\u00a0\u00bbsky\u00a0\u00bb style=\u00a0\u00bbdashed\u00a0\u00bb el_width=\u00a0\u00bb30&Prime; css_animation=\u00a0\u00bbtop-to-bottom\u00a0\u00bb][vc_text_separator title=\u00a0\u00bb<font size=\"``4px;``\">ODI<\/font>\u00a0\u00bb color=\u00a0\u00bbsky\u00a0\u00bb style=\u00a0\u00bbdashed\u00a0\u00bb el_width=\u00a0\u00bb30&Prime; css_animation=\u00a0\u00bbtop-to-bottom\u00a0\u00bb][vc_text_separator title=\u00a0\u00bb<font size=\"``4px;``\">MS BI<\/font>\u00a0\u00bb color=\u00a0\u00bbsky\u00a0\u00bb style=\u00a0\u00bbdashed\u00a0\u00bb el_width=\u00a0\u00bb30&Prime; css_animation=\u00a0\u00bbtop-to-bottom\u00a0\u00bb][vc_text_separator title=\u00a0\u00bb<font size=\"``4px;``\">Qlikview<\/font>\u00a0\u00bb color=\u00a0\u00bbsky\u00a0\u00bb style=\u00a0\u00bbdashed\u00a0\u00bb el_width=\u00a0\u00bb30&Prime; css_animation=\u00a0\u00bbtop-to-bottom\u00a0\u00bb][\/vc_tta_section][vc_tta_section title=\u00a0\u00bb<\/p>\n<h2>Business Industrielle<\/h2>\n<p>\u00a0\u00bb tab_id=\u00a0\u00bb1556289791581-30036002-8733&Prime;][vc_text_separator title=\u00a0\u00bb<font size=\"``4px;``\">ADA<\/font>\u00a0\u00bb color=\u00a0\u00bbsky\u00a0\u00bb style=\u00a0\u00bbdashed\u00a0\u00bb el_width=\u00a0\u00bb30&Prime; css_animation=\u00a0\u00bbtop-to-bottom\u00a0\u00bb][vc_text_separator title=\u00a0\u00bb<font size=\"``4px;``\">C<\/font>\u00a0\u00bb color=\u00a0\u00bbsky\u00a0\u00bb style=\u00a0\u00bbdashed\u00a0\u00bb el_width=\u00a0\u00bb30&Prime; css_animation=\u00a0\u00bbtop-to-bottom\u00a0\u00bb][vc_text_separator title=\u00a0\u00bb<font size=\"``4px;``\">C++<\/font>\u00a0\u00bb color=\u00a0\u00bbsky\u00a0\u00bb style=\u00a0\u00bbdashed\u00a0\u00bb el_width=\u00a0\u00bb30&Prime; css_animation=\u00a0\u00bbtop-to-bottom\u00a0\u00bb][vc_text_separator title=\u00a0\u00bb<font size=\"``4px;``\">RTRT<\/font>\u00a0\u00bb color=\u00a0\u00bbsky\u00a0\u00bb style=\u00a0\u00bbdashed\u00a0\u00bb el_width=\u00a0\u00bb30&Prime; css_animation=\u00a0\u00bbtop-to-bottom\u00a0\u00bb][vc_text_separator title=\u00a0\u00bb<font size=\"``4px;``\">Matlab<\/font>\u00a0\u00bb color=\u00a0\u00bbsky\u00a0\u00bb style=\u00a0\u00bbdashed\u00a0\u00bb el_width=\u00a0\u00bb30&Prime; css_animation=\u00a0\u00bbtop-to-bottom\u00a0\u00bb][vc_text_separator title=\u00a0\u00bb<font size=\"``4px;``\">simulink<\/font>\u00a0\u00bb color=\u00a0\u00bbsky\u00a0\u00bb style=\u00a0\u00bbdashed\u00a0\u00bb el_width=\u00a0\u00bb30&Prime; css_animation=\u00a0\u00bbtop-to-bottom\u00a0\u00bb][vc_text_separator title=\u00a0\u00bb<font size=\"``4px;``\">QNX<\/font>\u00a0\u00bb color=\u00a0\u00bbsky\u00a0\u00bb style=\u00a0\u00bbdashed\u00a0\u00bb el_width=\u00a0\u00bb30&Prime; css_animation=\u00a0\u00bbtop-to-bottom\u00a0\u00bb][vc_text_separator title=\u00a0\u00bb<font size=\"``4px;``\">VxWorks<\/font>\u00a0\u00bb color=\u00a0\u00bbsky\u00a0\u00bb style=\u00a0\u00bbdashed\u00a0\u00bb el_width=\u00a0\u00bb30&Prime; css_animation=\u00a0\u00bbtop-to-bottom\u00a0\u00bb][vc_text_separator title=\u00a0\u00bb<font size=\"``4px;``\">python<\/font>\u00a0\u00bb color=\u00a0\u00bbsky\u00a0\u00bb style=\u00a0\u00bbdashed\u00a0\u00bb el_width=\u00a0\u00bb30&Prime; css_animation=\u00a0\u00bbtop-to-bottom\u00a0\u00bb][\/vc_tta_section][\/vc_tta_tabs][\/vc_column][\/vc_row]<\/p>\n","protected":false},"excerpt":{"rendered":"<p>[vc_row][vc_column][vc_separator border_width=\u00a0\u00bb3&Prime; css_animation=\u00a0\u00bbtop-to-bottom\u00a0\u00bb][vc_column_text css_animation=\u00a0\u00bbtop-to-bottom\u00a0\u00bb] Des profils exp\u00e9riment\u00e9s et adapt\u00e9s pour vos besoins et votre budget. [\/vc_column_text][vc_separator border_width=\u00a0\u00bb3&Prime; css_animation=\u00a0\u00bbtop-to-bottom\u00a0\u00bb][\/vc_column][\/vc_row][vc_row][vc_column][vc_single_image image=\u00a0\u00bb179&Prime; img_size=\u00a0\u00bb600&#215;400&Prime; alignment=\u00a0\u00bbcenter\u00a0\u00bb style=\u00a0\u00bbvc_box_shadow\u00a0\u00bb css_animation=\u00a0\u00bbtop-to-bottom\u00a0\u00bb][vc_separator border_width=\u00a0\u00bb3&Prime; css_animation=\u00a0\u00bbtop-to-bottom\u00a0\u00bb][\/vc_column][\/vc_row][vc_row][vc_column][vc_column_text css_animation=\u00a0\u00bbtop-to-bottom\u00a0\u00bb]<span class=\"excerpt-hellip\"> [\u2026]<\/span><\/p>\n","protected":false},"author":1,"featured_media":0,"parent":0,"menu_order":0,"comment_status":"open","ping_status":"open","template":"","meta":{"footnotes":""},"class_list":["post-128","page","type-page","status-publish","hentry"],"_links":{"self":[{"href":"https:\/\/infomania-services-fr.mon.world\/index.php?rest_route=\/wp\/v2\/pages\/128","targetHints":{"allow":["GET"]}}],"collection":[{"href":"https:\/\/infomania-services-fr.mon.world\/index.php?rest_route=\/wp\/v2\/pages"}],"about":[{"href":"https:\/\/infomania-services-fr.mon.world\/index.php?rest_route=\/wp\/v2\/types\/page"}],"author":[{"embeddable":true,"href":"https:\/\/infomania-services-fr.mon.world\/index.php?rest_route=\/wp\/v2\/users\/1"}],"replies":[{"embeddable":true,"href":"https:\/\/infomania-services-fr.mon.world\/index.php?rest_route=%2Fwp%2Fv2%2Fcomments&post=128"}],"version-history":[{"count":10,"href":"https:\/\/infomania-services-fr.mon.world\/index.php?rest_route=\/wp\/v2\/pages\/128\/revisions"}],"predecessor-version":[{"id":212,"href":"https:\/\/infomania-services-fr.mon.world\/index.php?rest_route=\/wp\/v2\/pages\/128\/revisions\/212"}],"wp:attachment":[{"href":"https:\/\/infomania-services-fr.mon.world\/index.php?rest_route=%2Fwp%2Fv2%2Fmedia&parent=128"}],"curies":[{"name":"wp","href":"https:\/\/api.w.org\/{rel}","templated":true}]}}