{"id":111,"date":"2019-04-26T16:24:42","date_gmt":"2019-04-26T14:24:42","guid":{"rendered":"http:\/\/infomania-services-fr.mon.world?page_id=111"},"modified":"2019-04-29T00:55:06","modified_gmt":"2019-04-28T22:55:06","slug":"applications-services","status":"publish","type":"page","link":"https:\/\/infomania-services-fr.mon.world\/?page_id=111","title":{"rendered":"APPLICATIONS SERVICES"},"content":{"rendered":"<p>[vc_row][vc_column][vc_separator border_width=\u00a0\u00bb3&Prime; css_animation=\u00a0\u00bbtop-to-bottom\u00a0\u00bb][vc_column_text css_animation=\u00a0\u00bbtop-to-bottom\u00a0\u00bb]<\/p>\n<h2>Une expertise reconnue et un accompagnement personnalis\u00e9.<\/h2>\n<p>[\/vc_column_text][vc_separator border_width=\u00a0\u00bb3&Prime; css_animation=\u00a0\u00bbtop-to-bottom\u00a0\u00bb][\/vc_column][\/vc_row][vc_row][vc_column][vc_single_image image=\u00a0\u00bb180&Prime; img_size=\u00a0\u00bb600&#215;400&Prime; alignment=\u00a0\u00bbcenter\u00a0\u00bb style=\u00a0\u00bbvc_box_shadow\u00a0\u00bb css_animation=\u00a0\u00bbtop-to-bottom\u00a0\u00bb][vc_separator border_width=\u00a0\u00bb3&Prime; css_animation=\u00a0\u00bbtop-to-bottom\u00a0\u00bb][\/vc_column][\/vc_row][vc_row][vc_column][vc_column_text css_animation=\u00a0\u00bbtop-to-bottom\u00a0\u00bb]<\/p>\n<p class=\"has-text-color has-medium-font-size has-very-dark-gray-color\">Infomania propose \u00e0 ses clients des prestations de d\u00e9veloppement applicatif adapt\u00e9es aux diff\u00e9rentes strat\u00e9gies d\u2019industrialisation des services informatiques.<\/p>\n<p class=\"has-text-color has-medium-font-size has-very-dark-gray-color\">Infomania se positionne comme \u00e9tant un concepteur et int\u00e9grateur de solutions informatiques innovantes et sp\u00e9cialis\u00e9es.<\/p>\n<p>[\/vc_column_text][vc_separator border_width=\u00a0\u00bb3&Prime; css_animation=\u00a0\u00bbtop-to-bottom\u00a0\u00bb][vc_tta_tabs style=\u00a0\u00bbmodern\u00a0\u00bb shape=\u00a0\u00bbsquare\u00a0\u00bb spacing=\u00a0\u00bb\u00a0\u00bb alignment=\u00a0\u00bbcenter\u00a0\u00bb active_section=\u00a0\u00bb1&Prime; css_animation=\u00a0\u00bbtop-to-bottom\u00a0\u00bb][vc_tta_section title=\u00a0\u00bb<\/p>\n<h2>Informatique de gestion<\/h2>\n<p>\u00a0\u00bb tab_id=\u00a0\u00bb1556288830848-1198c3dd-9ec7&Prime;][vc_text_separator title=\u00a0\u00bb<font size=\"``4px;``\">java j2EE<\/font>\u00a0\u00bb color=\u00a0\u00bbsky\u00a0\u00bb style=\u00a0\u00bbdashed\u00a0\u00bb el_width=\u00a0\u00bb30&Prime; css_animation=\u00a0\u00bbtop-to-bottom\u00a0\u00bb][vc_text_separator title=\u00a0\u00bb<font size=\"``4px;``\">GWT<\/font>\u00a0\u00bb color=\u00a0\u00bbsky\u00a0\u00bb style=\u00a0\u00bbdashed\u00a0\u00bb el_width=\u00a0\u00bb30&Prime; css_animation=\u00a0\u00bbtop-to-bottom\u00a0\u00bb][vc_text_separator title=\u00a0\u00bb<font size=\"``4px;``\">JFSl<\/font>\u00a0\u00bb color=\u00a0\u00bbsky\u00a0\u00bb style=\u00a0\u00bbdashed\u00a0\u00bb el_width=\u00a0\u00bb30&Prime; css_animation=\u00a0\u00bbtop-to-bottom\u00a0\u00bb][vc_text_separator title=\u00a0\u00bb<font size=\"``4px;``\">hibernate<\/font>\u00a0\u00bb color=\u00a0\u00bbsky\u00a0\u00bb style=\u00a0\u00bbdashed\u00a0\u00bb el_width=\u00a0\u00bb30&Prime; css_animation=\u00a0\u00bbtop-to-bottom\u00a0\u00bb][vc_text_separator title=\u00a0\u00bb<font size=\"``4px;``\">dot.net<\/font>\u00a0\u00bb color=\u00a0\u00bbsky\u00a0\u00bb style=\u00a0\u00bbdashed\u00a0\u00bb el_width=\u00a0\u00bb30&Prime; css_animation=\u00a0\u00bbtop-to-bottom\u00a0\u00bb][vc_text_separator title=\u00a0\u00bb<font size=\"``4px;``\">asp.net<\/font>\u00a0\u00bb color=\u00a0\u00bbsky\u00a0\u00bb style=\u00a0\u00bbdashed\u00a0\u00bb el_width=\u00a0\u00bb30&Prime; css_animation=\u00a0\u00bbtop-to-bottom\u00a0\u00bb][vc_text_separator title=\u00a0\u00bb<font size=\"``4px;``\">VB.net<\/font>\u00a0\u00bb color=\u00a0\u00bbsky\u00a0\u00bb style=\u00a0\u00bbdashed\u00a0\u00bb el_width=\u00a0\u00bb30&Prime; css_animation=\u00a0\u00bbtop-to-bottom\u00a0\u00bb][vc_text_separator title=\u00a0\u00bb<font size=\"``4px;``\">C#<\/font>\u00a0\u00bb color=\u00a0\u00bbsky\u00a0\u00bb style=\u00a0\u00bbdashed\u00a0\u00bb el_width=\u00a0\u00bb30&Prime; css_animation=\u00a0\u00bbtop-to-bottom\u00a0\u00bb][vc_text_separator title=\u00a0\u00bb<font size=\"``4px;``\">WPF<\/font>\u00a0\u00bb color=\u00a0\u00bbsky\u00a0\u00bb style=\u00a0\u00bbdashed\u00a0\u00bb el_width=\u00a0\u00bb30&Prime; css_animation=\u00a0\u00bbtop-to-bottom\u00a0\u00bb][vc_text_separator title=\u00a0\u00bb<font size=\"``4px;``\">WCF<\/font>\u00a0\u00bb color=\u00a0\u00bbsky\u00a0\u00bb style=\u00a0\u00bbdashed\u00a0\u00bb el_width=\u00a0\u00bb30&Prime; css_animation=\u00a0\u00bbtop-to-bottom\u00a0\u00bb][vc_text_separator title=\u00a0\u00bb<font size=\"``4px;``\">PHP joomla<\/font>\u00a0\u00bb color=\u00a0\u00bbsky\u00a0\u00bb style=\u00a0\u00bbdashed\u00a0\u00bb el_width=\u00a0\u00bb30&Prime; css_animation=\u00a0\u00bbtop-to-bottom\u00a0\u00bb][vc_text_separator title=\u00a0\u00bb<font size=\"``4px;``\">zend<\/font>\u00a0\u00bb color=\u00a0\u00bbsky\u00a0\u00bb style=\u00a0\u00bbdashed\u00a0\u00bb el_width=\u00a0\u00bb30&Prime; css_animation=\u00a0\u00bbtop-to-bottom\u00a0\u00bb][vc_text_separator title=\u00a0\u00bb<font size=\"``4px;``\">synphonie<\/font>\u00a0\u00bb color=\u00a0\u00bbsky\u00a0\u00bb style=\u00a0\u00bbdashed\u00a0\u00bb el_width=\u00a0\u00bb30&Prime; css_animation=\u00a0\u00bbtop-to-bottom\u00a0\u00bb][vc_text_separator title=\u00a0\u00bb<font size=\"``4px;``\">Client server : Oracle Forms<\/font>\u00a0\u00bb color=\u00a0\u00bbsky\u00a0\u00bb style=\u00a0\u00bbdashed\u00a0\u00bb el_width=\u00a0\u00bb30&Prime; css_animation=\u00a0\u00bbtop-to-bottom\u00a0\u00bb][vc_text_separator title=\u00a0\u00bb<font size=\"``4px;``\">Designer<\/font>\u00a0\u00bb color=\u00a0\u00bbsky\u00a0\u00bb style=\u00a0\u00bbdashed\u00a0\u00bb el_width=\u00a0\u00bb30&Prime; css_animation=\u00a0\u00bbtop-to-bottom\u00a0\u00bb][vc_text_separator title=\u00a0\u00bb<font size=\"``4px;``\">Power builder<\/font>\u00a0\u00bb color=\u00a0\u00bbsky\u00a0\u00bb style=\u00a0\u00bbdashed\u00a0\u00bb el_width=\u00a0\u00bb30&Prime; css_animation=\u00a0\u00bbtop-to-bottom\u00a0\u00bb][\/vc_tta_section][vc_tta_section title=\u00a0\u00bb<\/p>\n<h2>Business Intelligence<\/h2>\n<p>\u00a0\u00bb tab_id=\u00a0\u00bb1556288830853-6a4bbfdc-33db\u00a0\u00bb][vc_text_separator title=\u00a0\u00bb<font size=\"``4px;``\">Busines Object<\/font>\u00a0\u00bb color=\u00a0\u00bbsky\u00a0\u00bb style=\u00a0\u00bbdashed\u00a0\u00bb el_width=\u00a0\u00bb30&Prime; css_animation=\u00a0\u00bbtop-to-bottom\u00a0\u00bb][vc_text_separator title=\u00a0\u00bb<font size=\"``4px;``\">Talend<\/font>\u00a0\u00bb color=\u00a0\u00bbsky\u00a0\u00bb style=\u00a0\u00bbdashed\u00a0\u00bb el_width=\u00a0\u00bb30&Prime; css_animation=\u00a0\u00bbtop-to-bottom\u00a0\u00bb][vc_text_separator title=\u00a0\u00bb<font size=\"``4px;``\">Informatica<\/font>\u00a0\u00bb color=\u00a0\u00bbsky\u00a0\u00bb style=\u00a0\u00bbdashed\u00a0\u00bb el_width=\u00a0\u00bb30&Prime; css_animation=\u00a0\u00bbtop-to-bottom\u00a0\u00bb][vc_text_separator title=\u00a0\u00bb<font size=\"``4px;``\">Genio<\/font>\u00a0\u00bb color=\u00a0\u00bbsky\u00a0\u00bb style=\u00a0\u00bbdashed\u00a0\u00bb el_width=\u00a0\u00bb30&Prime; css_animation=\u00a0\u00bbtop-to-bottom\u00a0\u00bb][vc_text_separator title=\u00a0\u00bb<font size=\"``4px;``\">Cognos<\/font>\u00a0\u00bb color=\u00a0\u00bbsky\u00a0\u00bb style=\u00a0\u00bbdashed\u00a0\u00bb el_width=\u00a0\u00bb30&Prime; css_animation=\u00a0\u00bbtop-to-bottom\u00a0\u00bb][vc_text_separator title=\u00a0\u00bb<font size=\"``4px;``\">SAS<\/font>\u00a0\u00bb color=\u00a0\u00bbsky\u00a0\u00bb style=\u00a0\u00bbdashed\u00a0\u00bb el_width=\u00a0\u00bb30&Prime; css_animation=\u00a0\u00bbtop-to-bottom\u00a0\u00bb][vc_text_separator title=\u00a0\u00bb<font size=\"``4px;``\">datastage<\/font>\u00a0\u00bb color=\u00a0\u00bbsky\u00a0\u00bb style=\u00a0\u00bbdashed\u00a0\u00bb el_width=\u00a0\u00bb30&Prime; css_animation=\u00a0\u00bbtop-to-bottom\u00a0\u00bb][vc_text_separator title=\u00a0\u00bb<font size=\"``4px;``\">ODI<\/font>\u00a0\u00bb color=\u00a0\u00bbsky\u00a0\u00bb style=\u00a0\u00bbdashed\u00a0\u00bb el_width=\u00a0\u00bb30&Prime; css_animation=\u00a0\u00bbtop-to-bottom\u00a0\u00bb][vc_text_separator title=\u00a0\u00bb<font size=\"``4px;``\">MS BI<\/font>\u00a0\u00bb color=\u00a0\u00bbsky\u00a0\u00bb style=\u00a0\u00bbdashed\u00a0\u00bb el_width=\u00a0\u00bb30&Prime; css_animation=\u00a0\u00bbtop-to-bottom\u00a0\u00bb][vc_text_separator title=\u00a0\u00bb<font size=\"``4px;``\">Qlikview<\/font>\u00a0\u00bb color=\u00a0\u00bbsky\u00a0\u00bb style=\u00a0\u00bbdashed\u00a0\u00bb el_width=\u00a0\u00bb30&Prime; css_animation=\u00a0\u00bbtop-to-bottom\u00a0\u00bb][\/vc_tta_section][vc_tta_section title=\u00a0\u00bb<\/p>\n<h2>Business Industrielle<\/h2>\n<p>\u00a0\u00bb tab_id=\u00a0\u00bb1556289791581-30036002-8733&Prime;][vc_text_separator title=\u00a0\u00bb<font size=\"``4px;``\">ADA<\/font>\u00a0\u00bb color=\u00a0\u00bbsky\u00a0\u00bb style=\u00a0\u00bbdashed\u00a0\u00bb el_width=\u00a0\u00bb30&Prime; css_animation=\u00a0\u00bbtop-to-bottom\u00a0\u00bb][vc_text_separator title=\u00a0\u00bb<font size=\"``4px;``\">C<\/font>\u00a0\u00bb color=\u00a0\u00bbsky\u00a0\u00bb style=\u00a0\u00bbdashed\u00a0\u00bb el_width=\u00a0\u00bb30&Prime; css_animation=\u00a0\u00bbtop-to-bottom\u00a0\u00bb][vc_text_separator title=\u00a0\u00bb<font size=\"``4px;``\">C++<\/font>\u00a0\u00bb color=\u00a0\u00bbsky\u00a0\u00bb style=\u00a0\u00bbdashed\u00a0\u00bb el_width=\u00a0\u00bb30&Prime; css_animation=\u00a0\u00bbtop-to-bottom\u00a0\u00bb][vc_text_separator title=\u00a0\u00bb<font size=\"``4px;``\">RTRT<\/font>\u00a0\u00bb color=\u00a0\u00bbsky\u00a0\u00bb style=\u00a0\u00bbdashed\u00a0\u00bb el_width=\u00a0\u00bb30&Prime; css_animation=\u00a0\u00bbtop-to-bottom\u00a0\u00bb][vc_text_separator title=\u00a0\u00bb<font size=\"``4px;``\">Matlab<\/font>\u00a0\u00bb color=\u00a0\u00bbsky\u00a0\u00bb style=\u00a0\u00bbdashed\u00a0\u00bb el_width=\u00a0\u00bb30&Prime; css_animation=\u00a0\u00bbtop-to-bottom\u00a0\u00bb][vc_text_separator title=\u00a0\u00bb<font size=\"``4px;``\">simulink<\/font>\u00a0\u00bb color=\u00a0\u00bbsky\u00a0\u00bb style=\u00a0\u00bbdashed\u00a0\u00bb el_width=\u00a0\u00bb30&Prime; css_animation=\u00a0\u00bbtop-to-bottom\u00a0\u00bb][vc_text_separator title=\u00a0\u00bb<font size=\"``4px;``\">QNX<\/font>\u00a0\u00bb color=\u00a0\u00bbsky\u00a0\u00bb style=\u00a0\u00bbdashed\u00a0\u00bb el_width=\u00a0\u00bb30&Prime; css_animation=\u00a0\u00bbtop-to-bottom\u00a0\u00bb][vc_text_separator title=\u00a0\u00bb<font size=\"``4px;``\">VxWorks<\/font>\u00a0\u00bb color=\u00a0\u00bbsky\u00a0\u00bb style=\u00a0\u00bbdashed\u00a0\u00bb el_width=\u00a0\u00bb30&Prime; css_animation=\u00a0\u00bbtop-to-bottom\u00a0\u00bb][vc_text_separator title=\u00a0\u00bb<font size=\"``4px;``\">python<\/font>\u00a0\u00bb color=\u00a0\u00bbsky\u00a0\u00bb style=\u00a0\u00bbdashed\u00a0\u00bb el_width=\u00a0\u00bb30&Prime; css_animation=\u00a0\u00bbtop-to-bottom\u00a0\u00bb][\/vc_tta_section][\/vc_tta_tabs][vc_text_separator title=\u00a0\u00bb<font size=\"``6px``\">Les Outils transverses<\/font>\u00a0\u00bb style=\u00a0\u00bbdouble\u00a0\u00bb border_width=\u00a0\u00bb2&Prime; el_width=\u00a0\u00bb90&Prime; css_animation=\u00a0\u00bbtop-to-bottom\u00a0\u00bb][vc_column_text css_animation=\u00a0\u00bbtop-to-bottom\u00a0\u00bb css=\u00a0\u00bb.vc_custom_1556291115593{margin-right: -30% !important;margin-left: 25% !important;}\u00a0\u00bb]<\/p>\n<div class=\"wp-block-columns has-2-columns\">\n<div class=\"wp-block-column\">\n<ul>\n<li style=\"text-align: left;\">Methode : Merise, UML<\/li>\n<li style=\"text-align: left;\">Production :Control-M , Dolar Universe , TSM, CFT<\/li>\n<li style=\"text-align: left;\">Gestion de configuration Logicielle :Clearces, Synergy, SVN, CVS, TFS<\/li>\n<li style=\"text-align: left;\">Recette et int\u00e9gration : QC, QTP, RTRT, Rational robot<\/li>\n<\/ul>\n<\/div>\n<div class=\"wp-block-column\"><\/div>\n<\/div>\n<p>[\/vc_column_text][\/vc_column][\/vc_row]<\/p>\n","protected":false},"excerpt":{"rendered":"<p>[vc_row][vc_column][vc_separator border_width=\u00a0\u00bb3&Prime; css_animation=\u00a0\u00bbtop-to-bottom\u00a0\u00bb][vc_column_text css_animation=\u00a0\u00bbtop-to-bottom\u00a0\u00bb] Une expertise reconnue et un accompagnement personnalis\u00e9. [\/vc_column_text][vc_separator border_width=\u00a0\u00bb3&Prime; css_animation=\u00a0\u00bbtop-to-bottom\u00a0\u00bb][\/vc_column][\/vc_row][vc_row][vc_column][vc_single_image image=\u00a0\u00bb180&Prime; img_size=\u00a0\u00bb600&#215;400&Prime; alignment=\u00a0\u00bbcenter\u00a0\u00bb style=\u00a0\u00bbvc_box_shadow\u00a0\u00bb css_animation=\u00a0\u00bbtop-to-bottom\u00a0\u00bb][vc_separator border_width=\u00a0\u00bb3&Prime; css_animation=\u00a0\u00bbtop-to-bottom\u00a0\u00bb][\/vc_column][\/vc_row][vc_row][vc_column][vc_column_text css_animation=\u00a0\u00bbtop-to-bottom\u00a0\u00bb] Infomania propose \u00e0 ses<span class=\"excerpt-hellip\"> [\u2026]<\/span><\/p>\n","protected":false},"author":1,"featured_media":0,"parent":0,"menu_order":0,"comment_status":"open","ping_status":"open","template":"","meta":{"footnotes":""},"class_list":["post-111","page","type-page","status-publish","hentry"],"_links":{"self":[{"href":"https:\/\/infomania-services-fr.mon.world\/index.php?rest_route=\/wp\/v2\/pages\/111","targetHints":{"allow":["GET"]}}],"collection":[{"href":"https:\/\/infomania-services-fr.mon.world\/index.php?rest_route=\/wp\/v2\/pages"}],"about":[{"href":"https:\/\/infomania-services-fr.mon.world\/index.php?rest_route=\/wp\/v2\/types\/page"}],"author":[{"embeddable":true,"href":"https:\/\/infomania-services-fr.mon.world\/index.php?rest_route=\/wp\/v2\/users\/1"}],"replies":[{"embeddable":true,"href":"https:\/\/infomania-services-fr.mon.world\/index.php?rest_route=%2Fwp%2Fv2%2Fcomments&post=111"}],"version-history":[{"count":16,"href":"https:\/\/infomania-services-fr.mon.world\/index.php?rest_route=\/wp\/v2\/pages\/111\/revisions"}],"predecessor-version":[{"id":224,"href":"https:\/\/infomania-services-fr.mon.world\/index.php?rest_route=\/wp\/v2\/pages\/111\/revisions\/224"}],"wp:attachment":[{"href":"https:\/\/infomania-services-fr.mon.world\/index.php?rest_route=%2Fwp%2Fv2%2Fmedia&parent=111"}],"curies":[{"name":"wp","href":"https:\/\/api.w.org\/{rel}","templated":true}]}}